{"id":123,"date":"2022-06-22T18:37:49","date_gmt":"2022-06-22T16:37:49","guid":{"rendered":"https:\/\/ubi-d.umh.es\/?page_id=123"},"modified":"2024-04-14T11:25:45","modified_gmt":"2024-04-14T09:25:45","slug":"recursos-direccion-de-fotografia","status":"publish","type":"page","link":"https:\/\/ubi-d.umh.es\/ca\/recursos\/recursos-direccion-de-fotografia\/","title":{"rendered":"<span lang=\"es\">(Espa\u00f1ol) Recursos Direcci\u00f3n de Fotograf\u00eda<\/span>"},"content":{"rendered":"<p class=\"qtranxs-available-languages-message qtranxs-available-languages-message-ca\">Ho sentim, aquesta entrada es troba disponible \u00fanicament en <a href=\"https:\/\/ubi-d.umh.es\/es\/wp-json\/wp\/v2\/pages\/123\" class=\"qtranxs-available-language-link qtranxs-available-language-link-es\" title=\"Espa\u00f1ol\">Espanyol Europeu<\/a>.<\/p>","protected":false},"excerpt":{"rendered":"<p>Ho sentim, aquesta entrada es troba disponible \u00fanicament en Espanyol Europeu.<\/p>\n","protected":false},"author":5001,"featured_media":0,"parent":28,"menu_order":0,"comment_status":"closed","ping_status":"closed","template":"","meta":{"_links_to":"","_links_to_target":""},"_links":{"self":[{"href":"https:\/\/ubi-d.umh.es\/ca\/wp-json\/wp\/v2\/pages\/123"}],"collection":[{"href":"https:\/\/ubi-d.umh.es\/ca\/wp-json\/wp\/v2\/pages"}],"about":[{"href":"https:\/\/ubi-d.umh.es\/ca\/wp-json\/wp\/v2\/types\/page"}],"author":[{"embeddable":true,"href":"https:\/\/ubi-d.umh.es\/ca\/wp-json\/wp\/v2\/users\/5001"}],"replies":[{"embeddable":true,"href":"https:\/\/ubi-d.umh.es\/ca\/wp-json\/wp\/v2\/comments?post=123"}],"version-history":[{"count":0,"href":"https:\/\/ubi-d.umh.es\/ca\/wp-json\/wp\/v2\/pages\/123\/revisions"}],"up":[{"embeddable":true,"href":"https:\/\/ubi-d.umh.es\/ca\/wp-json\/wp\/v2\/pages\/28"}],"wp:attachment":[{"href":"https:\/\/ubi-d.umh.es\/ca\/wp-json\/wp\/v2\/media?parent=123"}],"curies":[{"name":"wp","href":"https:\/\/api.w.org\/{rel}","templated":true}]}}